{"id":82,"date":"2025-03-02T03:49:52","date_gmt":"2025-03-02T03:49:52","guid":{"rendered":"http:\/\/inovativacosmeticos.com.br\/?page_id=82"},"modified":"2025-03-04T11:58:37","modified_gmt":"2025-03-04T11:58:37","slug":"tecnologia","status":"publish","type":"page","link":"https:\/\/inovativacosmeticos.com.br\/?page_id=82","title":{"rendered":"Tecnologia"},"content":{"rendered":"\t\t<div data-elementor-type=\"wp-page\" data-elementor-id=\"82\" class=\"elementor elementor-82\">\n\t\t\t\t\t\t<section class=\"elementor-section elementor-top-section elementor-element elementor-element-e8c996d elementor-section-boxed elementor-section-height-default elementor-section-height-default\" data-id=\"e8c996d\" data-element_type=\"section\" data-settings=\"{&quot;background_background&quot;:&quot;classic&quot;}\">\n\t\t\t\t\t\t<div class=\"elementor-container elementor-column-gap-no\">\n\t\t\t\t\t<div class=\"elementor-column elementor-col-100 elementor-top-column elementor-element elementor-element-635e149\" data-id=\"635e149\" data-element_type=\"column\">\n\t\t\t<div class=\"elementor-widget-wrap elementor-element-populated\">\n\t\t\t\t\t\t<div class=\"elementor-element elementor-element-6c10f8d elementor-widget elementor-widget-heading\" data-id=\"6c10f8d\" data-element_type=\"widget\" data-widget_type=\"heading.default\">\n\t\t\t\t<div class=\"elementor-widget-container\">\n\t\t\t\t\t<h1 class=\"elementor-heading-title elementor-size-default\">Tecnologia<\/h1>\t\t\t\t<\/div>\n\t\t\t\t<\/div>\n\t\t\t\t\t<\/div>\n\t\t<\/div>\n\t\t\t\t\t<\/div>\n\t\t<\/section>\n\t\t\t\t<section class=\"elementor-section elementor-top-section elementor-element elementor-element-9ace42a elementor-section-content-bottom elementor-section-boxed elementor-section-height-default elementor-section-height-default\" data-id=\"9ace42a\" data-element_type=\"section\">\n\t\t\t\t\t\t<div class=\"elementor-container elementor-column-gap-no\">\n\t\t\t\t\t<div class=\"elementor-column elementor-col-50 elementor-top-column elementor-element elementor-element-c637d15\" data-id=\"c637d15\" data-element_type=\"column\">\n\t\t\t<div class=\"elementor-widget-wrap elementor-element-populated\">\n\t\t\t\t\t\t<div class=\"elementor-element elementor-element-39eb8d2 elementor-widget elementor-widget-image\" data-id=\"39eb8d2\" data-element_type=\"widget\" data-widget_type=\"image.default\">\n\t\t\t\t<div class=\"elementor-widget-container\">\n\t\t\t\t\t\t\t\t\t\t\t\t\t\t\t<img fetchpriority=\"high\" decoding=\"async\" width=\"700\" height=\"658\" src=\"https:\/\/inovativacosmeticos.com.br\/wp-content\/uploads\/2025\/03\/tecnologia.png\" class=\"attachment-large size-large wp-image-292\" alt=\"\" srcset=\"https:\/\/inovativacosmeticos.com.br\/wp-content\/uploads\/2025\/03\/tecnologia.png 700w, https:\/\/inovativacosmeticos.com.br\/wp-content\/uploads\/2025\/03\/tecnologia-300x282.png 300w, https:\/\/inovativacosmeticos.com.br\/wp-content\/uploads\/2025\/03\/tecnologia-351x330.png 351w, https:\/\/inovativacosmeticos.com.br\/wp-content\/uploads\/2025\/03\/tecnologia-191x180.png 191w\" sizes=\"(max-width: 700px) 100vw, 700px\" \/>\t\t\t\t\t\t\t\t\t\t\t\t\t\t\t<\/div>\n\t\t\t\t<\/div>\n\t\t\t\t\t<\/div>\n\t\t<\/div>\n\t\t\t\t<div class=\"elementor-column elementor-col-50 elementor-top-column elementor-element elementor-element-500032e\" data-id=\"500032e\" data-element_type=\"column\">\n\t\t\t<div class=\"elementor-widget-wrap elementor-element-populated\">\n\t\t\t\t\t\t<div class=\"elementor-element elementor-element-68f3d66 elementor-invisible elementor-widget elementor-widget-heading\" data-id=\"68f3d66\" data-element_type=\"widget\" data-settings=\"{&quot;_animation&quot;:&quot;fadeInLeft&quot;}\" data-widget_type=\"heading.default\">\n\t\t\t\t<div class=\"elementor-widget-container\">\n\t\t\t\t\t<h2 class=\"elementor-heading-title elementor-size-default\"><strong>COMPROMISSO COM A QUALIDADE<\/strong><\/h2>\t\t\t\t<\/div>\n\t\t\t\t<\/div>\n\t\t\t\t<div class=\"elementor-element elementor-element-3328513 elementor-invisible elementor-widget elementor-widget-text-editor\" data-id=\"3328513\" data-element_type=\"widget\" data-settings=\"{&quot;_animation&quot;:&quot;fadeInLeft&quot;}\" data-widget_type=\"text-editor.default\">\n\t\t\t\t<div class=\"elementor-widget-container\">\n\t\t\t\t\t\t\t\t\t<p data-start=\"0\" data-end=\"216\">A Inovativa adota rigorosos processos internos de valida\u00e7\u00e3o, assegurando que cada etapa da produ\u00e7\u00e3o atenda \u00e0s mais altas especifica\u00e7\u00f5es t\u00e9cnicas, garantindo produtos de excel\u00eancia.<\/p><p data-start=\"218\" data-end=\"462\">Mantemos um ambiente seguro e adequado para nossos colaboradores, al\u00e9m de priorizar a satisfa\u00e7\u00e3o dos nossos clientes. Realizamos autoinspe\u00e7\u00f5es e auditorias peri\u00f3dicas para assegurar o cumprimento das normas de <strong data-start=\"428\" data-end=\"459\">Boas Pr\u00e1ticas de Fabrica\u00e7\u00e3o<\/strong>.<\/p><p data-start=\"464\" data-end=\"637\" data-is-last-node=\"\" data-is-only-node=\"\">A rastreabilidade completa dos processos, aliada a pol\u00edticas e procedimentos padronizados, garante a qualidade em toda a cadeia produtiva, da mat\u00e9ria-prima ao produto final.<\/p>\t\t\t\t\t\t\t\t<\/div>\n\t\t\t\t<\/div>\n\t\t\t\t\t<\/div>\n\t\t<\/div>\n\t\t\t\t\t<\/div>\n\t\t<\/section>\n\t\t\t\t<section class=\"elementor-section elementor-top-section elementor-element elementor-element-5b7f894 elementor-section-boxed elementor-section-height-default elementor-section-height-default\" data-id=\"5b7f894\" data-element_type=\"section\" data-settings=\"{&quot;background_background&quot;:&quot;classic&quot;}\">\n\t\t\t\t\t\t<div class=\"elementor-container elementor-column-gap-no\">\n\t\t\t\t\t<div class=\"elementor-column elementor-col-50 elementor-top-column elementor-element elementor-element-4650db8\" data-id=\"4650db8\" data-element_type=\"column\">\n\t\t\t<div class=\"elementor-widget-wrap elementor-element-populated\">\n\t\t\t\t\t\t<div class=\"elementor-element elementor-element-f2db560 elementor-widget elementor-widget-heading\" data-id=\"f2db560\" data-element_type=\"widget\" data-widget_type=\"heading.default\">\n\t\t\t\t<div class=\"elementor-widget-container\">\n\t\t\t\t\t<h1 class=\"elementor-heading-title elementor-size-default\">Pol\u00edticas e Procedimentos para Garantia de Qualidade\n<\/h1>\t\t\t\t<\/div>\n\t\t\t\t<\/div>\n\t\t\t\t\t<\/div>\n\t\t<\/div>\n\t\t\t\t<div class=\"elementor-column elementor-col-50 elementor-top-column elementor-element elementor-element-3709a33\" data-id=\"3709a33\" data-element_type=\"column\">\n\t\t\t<div class=\"elementor-widget-wrap elementor-element-populated\">\n\t\t\t\t\t\t<div class=\"elementor-element elementor-element-12c3f86 elementor-widget__width-initial elementor-widget elementor-widget-text-editor\" data-id=\"12c3f86\" data-element_type=\"widget\" data-widget_type=\"text-editor.default\">\n\t\t\t\t<div class=\"elementor-widget-container\">\n\t\t\t\t\t\t\t\t\t<ul><li data-start=\"148\" data-end=\"203\">Amostragem e reten\u00e7\u00e3o de todos os lotes fabricados;<\/li><li data-start=\"204\" data-end=\"271\">An\u00e1lises f\u00edsico-qu\u00edmicas e microbiol\u00f3gicas dos produtos finais;<\/li><li data-start=\"272\" data-end=\"336\">Testes de seguran\u00e7a e efic\u00e1cia para valida\u00e7\u00e3o do desempenho;<\/li><li data-start=\"337\" data-end=\"407\">Controle de qualidade desde o desenvolvimento at\u00e9 o produto final;<\/li><li data-start=\"408\" data-end=\"490\">Calibra\u00e7\u00e3o de equipamentos com aferi\u00e7\u00e3o peri\u00f3dica conforme padr\u00f5es do INMETRO;<\/li><li data-start=\"491\" data-end=\"560\" data-is-last-node=\"\">Programa cont\u00ednuo de treinamento e capacita\u00e7\u00e3o t\u00e9cnica da equipe.<\/li><\/ul>\t\t\t\t\t\t\t\t<\/div>\n\t\t\t\t<\/div>\n\t\t\t\t\t<\/div>\n\t\t<\/div>\n\t\t\t\t\t<\/div>\n\t\t<\/section>\n\t\t<div class=\"elementor-element elementor-element-34a410c e-flex e-con-boxed e-con e-parent\" data-id=\"34a410c\" data-element_type=\"container\">\n\t\t\t\t\t<div class=\"e-con-inner\">\n\t\t<div class=\"elementor-element elementor-element-7c85028 e-con-full e-flex e-con e-child\" data-id=\"7c85028\" data-element_type=\"container\">\n\t\t\t\t<div class=\"elementor-element elementor-element-f8f0289 elementor-widget elementor-widget-image\" data-id=\"f8f0289\" data-element_type=\"widget\" data-widget_type=\"image.default\">\n\t\t\t\t<div class=\"elementor-widget-container\">\n\t\t\t\t\t\t\t\t\t\t\t\t\t\t\t<img decoding=\"async\" width=\"800\" height=\"752\" src=\"https:\/\/inovativacosmeticos.com.br\/wp-content\/uploads\/2025\/03\/emerson2.jpg\" class=\"attachment-large size-large wp-image-324\" alt=\"\" srcset=\"https:\/\/inovativacosmeticos.com.br\/wp-content\/uploads\/2025\/03\/emerson2.jpg 800w, https:\/\/inovativacosmeticos.com.br\/wp-content\/uploads\/2025\/03\/emerson2-300x282.jpg 300w, https:\/\/inovativacosmeticos.com.br\/wp-content\/uploads\/2025\/03\/emerson2-768x722.jpg 768w, https:\/\/inovativacosmeticos.com.br\/wp-content\/uploads\/2025\/03\/emerson2-351x330.jpg 351w, https:\/\/inovativacosmeticos.com.br\/wp-content\/uploads\/2025\/03\/emerson2-191x180.jpg 191w\" sizes=\"(max-width: 800px) 100vw, 800px\" \/>\t\t\t\t\t\t\t\t\t\t\t\t\t\t\t<\/div>\n\t\t\t\t<\/div>\n\t\t\t\t<div class=\"elementor-element elementor-element-b9d3e7e elementor-widget elementor-widget-text-editor\" data-id=\"b9d3e7e\" data-element_type=\"widget\" data-widget_type=\"text-editor.default\">\n\t\t\t\t<div class=\"elementor-widget-container\">\n\t\t\t\t\t\t\t\t\t<p><strong>Emerson Ferreira<\/strong> &#8211; S\u00f3cio e diretor ind\u00fastrial<\/p>\t\t\t\t\t\t\t\t<\/div>\n\t\t\t\t<\/div>\n\t\t\t\t<\/div>\n\t\t<div class=\"elementor-element elementor-element-06b3169 e-con-full e-flex e-con e-child\" data-id=\"06b3169\" data-element_type=\"container\">\n\t\t\t\t<div class=\"elementor-element elementor-element-f5f8a00 elementor-widget elementor-widget-text-editor\" data-id=\"f5f8a00\" data-element_type=\"widget\" data-widget_type=\"text-editor.default\">\n\t\t\t\t<div class=\"elementor-widget-container\">\n\t\t\t\t\t\t\t\t\t<p>N\u00e3o arrisque com produtos de origem incerta.<br data-start=\"44\" data-end=\"47\" \/>O desenvolvimento de cosm\u00e9ticos exige comprometimento e expertise.<br data-start=\"113\" data-end=\"116\" \/>Opte por empresas certificadas, que garantem seguran\u00e7a e qualidade para voc\u00ea e seus clientes. A <strong data-start=\"212\" data-end=\"225\">Inovativa<\/strong>, j\u00e1 premiada duas vezes com <strong data-start=\"254\" data-end=\"325\">Pr\u00eamios de Lan\u00e7amento de Produtos Mais Inovadores da Am\u00e9rica Latina<\/strong>, \u00e9 a escolha certa para quem busca excel\u00eancia e inova\u00e7\u00e3o.<\/p>\t\t\t\t\t\t\t\t<\/div>\n\t\t\t\t<\/div>\n\t\t\t\t<\/div>\n\t\t\t\t\t<\/div>\n\t\t\t\t<\/div>\n\t\t\t\t<\/div>\n\t\t","protected":false},"excerpt":{"rendered":"<p>Tecnologia COMPROMISSO COM A QUALIDADE A Inovativa adota rigorosos processos internos de valida\u00e7\u00e3o, assegurando que cada etapa da produ\u00e7\u00e3o atenda \u00e0s mais altas especifica\u00e7\u00f5es t\u00e9cnicas, garantindo produtos de excel\u00eancia. Mantemos um ambiente seguro e adequado para nossos colaboradores, al\u00e9m de priorizar a satisfa\u00e7\u00e3o dos nossos clientes. Realizamos autoinspe\u00e7\u00f5es e auditorias peri\u00f3dicas para assegurar o cumprimento [&hellip;]<\/p>\n","protected":false},"author":1,"featured_media":0,"parent":0,"menu_order":0,"comment_status":"closed","ping_status":"closed","template":"elementor_header_footer","meta":{"footnotes":""},"class_list":["post-82","page","type-page","status-publish","hentry"],"_links":{"self":[{"href":"https:\/\/inovativacosmeticos.com.br\/index.php?rest_route=\/wp\/v2\/pages\/82","targetHints":{"allow":["GET"]}}],"collection":[{"href":"https:\/\/inovativacosmeticos.com.br\/index.php?rest_route=\/wp\/v2\/pages"}],"about":[{"href":"https:\/\/inovativacosmeticos.com.br\/index.php?rest_route=\/wp\/v2\/types\/page"}],"author":[{"embeddable":true,"href":"https:\/\/inovativacosmeticos.com.br\/index.php?rest_route=\/wp\/v2\/users\/1"}],"replies":[{"embeddable":true,"href":"https:\/\/inovativacosmeticos.com.br\/index.php?rest_route=%2Fwp%2Fv2%2Fcomments&post=82"}],"version-history":[{"count":59,"href":"https:\/\/inovativacosmeticos.com.br\/index.php?rest_route=\/wp\/v2\/pages\/82\/revisions"}],"predecessor-version":[{"id":340,"href":"https:\/\/inovativacosmeticos.com.br\/index.php?rest_route=\/wp\/v2\/pages\/82\/revisions\/340"}],"wp:attachment":[{"href":"https:\/\/inovativacosmeticos.com.br\/index.php?rest_route=%2Fwp%2Fv2%2Fmedia&parent=82"}],"curies":[{"name":"wp","href":"https:\/\/api.w.org\/{rel}","templated":true}]}}